{"id":14165,"date":"2023-11-27T23:29:13","date_gmt":"2023-11-27T23:29:13","guid":{"rendered":"https:\/\/casd.com.mx\/v3\/?page_id=14165"},"modified":"2024-01-26T19:30:17","modified_gmt":"2024-01-26T19:30:17","slug":"servicios-para-la-proteccion-a-la-red-y-el-e-mail","status":"publish","type":"page","link":"https:\/\/casd.com.mx\/v3\/servicios-para-la-proteccion-a-la-red-y-el-e-mail","title":{"rendered":"Servicios para la protecci\u00f3n a la red y el e-mail"},"content":{"rendered":"<p>[vc_row equal_height=\u00bbyes\u00bb enable_row_dividers=\u00bbyes\u00bb responsive_css=\u00bbpadding_top_large:5%25|padding_bottom_large:5%25&#8243; css=\u00bb.vc_custom_1701296502064{padding-top: 2% !important;padding-bottom: 2% !important;background-image: url(https:\/\/casd.com.mx\/v3\/wp-content\/uploads\/2023\/10\/CASD-HEADER.webp?id=13599) !important;background-position: center !important;background-repeat: no-repeat !important;background-size: cover !important;}\u00bb row_svg_divider=\u00bbbottom_shape_type:8|bottom_shape_color:%23ffffff|bottom_shape_height:52&#8243;][vc_column][vc_row_inner equal_height=\u00bbyes\u00bb][vc_column_inner width=\u00bb1\/4&#8243;][\/vc_column_inner][vc_column_inner width=\u00bb1\/2&#8243; responsive_align=\u00bbtext-center text-sm-center text-md-center text-lg-center\u00bb]<style>.ld_fancy_heading_6a0521c4891f3 h1{color:rgb(255, 255, 255);}.ld_fancy_heading_6a0521c4891f3 h1 {font-size:9vw; } @media (min-width: 768px) { .ld_fancy_heading_6a0521c4891f3 h1 {font-size:61px; }  } .ld_fancy_heading_6a0521c4891f3 h1 {line-height:1em; } .ld_fancy_heading_6a0521c4891f3 h1 {--element-line-height:1em; } .ld_fancy_heading_6a0521c4891f3 h1 {margin-bottom:0.25em !important;  } .ld_fancy_heading_6a0521c4891f3 .lqd-highlight-inner{height:0.275em!important;bottom:0px!important;}.ld_fancy_heading_6a0521c4891f3 h1 {font-size:9vw; } @media (min-width: 768px) { .ld_fancy_heading_6a0521c4891f3 h1 {font-size:61px; }  } .ld_fancy_heading_6a0521c4891f3 h1 {line-height:1em; } .ld_fancy_heading_6a0521c4891f3 h1 {--element-line-height:1em; } .ld_fancy_heading_6a0521c4891f3 h1 {margin-bottom:0.25em !important;  } <\/style><div class=\"ld-fancy-heading text-center ld_fancy_heading_6a0521c4891f3\">\n\t<h1 class=\"ld-fh-element lqd-highlight-underline lqd-highlight-grow-left text-decoration-default\"   >  Servicios de Seguridad<\/h1><\/div><style>.ld_fancy_heading_6a0521c489aa2 p{color:rgb(255, 255, 255);}.ld_fancy_heading_6a0521c489aa2 .lqd-highlight-inner{height:0.275em!important;bottom:0px!important;}<\/style><div class=\"ld-fancy-heading ld_fancy_heading_6a0521c489aa2\">\n\t<p class=\"ld-fh-element lqd-highlight-underline lqd-highlight-grow-left text-decoration-default\"   >  Conozca nuestros servicios especializados para la protecci\u00f3n de la red y el E-Mail<\/p><\/div><style>.ld_spacer_6a0521c489c8d{height:32px;}<\/style>\n<div class=\"ld-empty-space ld_spacer_6a0521c489c8d\"><\/div>[\/vc_column_inner][vc_column_inner width=\u00bb1\/4&#8243;][\/vc_column_inner][\/vc_row_inner][\/vc_column][\/vc_row][vc_row full_width=\u00bbstretch_row\u00bb equal_height=\u00bbyes\u00bb responsive_css=\u00bbpadding_top_large:5%25|padding_bottom_large:5%25&#8243; css=\u00bb.vc_custom_1701296100353{padding-top: 2% !important;padding-bottom: 2% !important;}\u00bb][vc_column width=\u00bb1\/2&#8243; css=\u00bb.vc_custom_1701879247410{background-image: url(https:\/\/casd.com.mx\/v3\/wp-content\/uploads\/2023\/12\/login-landing-page-concept-user-typing-login-and-2023-11-27-05-31-19-utc.webp?id=14276) !important;background-position: center !important;background-repeat: no-repeat !important;background-size: cover !important;}\u00bb][\/vc_column][vc_column width=\u00bb1\/2&#8243;]<style>.vc_accordion_6a0521c48a48f .accordion-title{font-size:17px;line-height:1.35em;font-weight:700;}.vc_accordion_6a0521c48a48f .accordion-title a{color:rgb(0, 0, 0);background:rgb(247, 248, 249);}.vc_accordion_6a0521c48a48f .accordion-item.active .accordion-title a{color:rgb(255, 255, 255);}.vc_accordion_6a0521c48a48f .accordion-title a, .vc_accordion_6a0521c48a48f .accordion-item{border-color:rgb(247, 248, 249);}.vc_accordion_6a0521c48a48f .accordion-item:not(:last-child){margin-bottom:25px;}<\/style><div class=\"accordion accordion-md accordion-active-has-fill accordion-title-bordered accordion-title-circle vc_accordion_6a0521c48a48f\" id=\"vc_accordion_6a0521c48a48f\"\n     role=\"tablist\" aria-multiselectable=\"true\">\n\n\t            <div class=\"accordion-item panel  active \">\n\n                <div class=\"accordion-heading\" role=\"tab\" id=\"heading_lqd-1579175585568-fabb85cc-3af9bbdb-346d\" data-id=\"lqd-1579175585568-fabb85cc-3af9bbdb-346d\">\n                    <h4 class=\"accordion-title\" data-controls=\"lqd-1579175585568-fabb85cc-3af9bbdb-346d\" tabindex=\"-1\">\n                        <a tabindex=\"0\" class=\"\" data-toggle=\"collapse\"  data-bs-toggle=\"collapse\"\n                           data-parent=\"#vc_accordion_6a0521c48a48f\" data-bs-parent=\"#vc_accordion_6a0521c48a48f\" href=\"#lqd-1579175585568-fabb85cc-3af9bbdb-346d\" data-bs-target=\"#lqd-1579175585568-fabb85cc-3af9bbdb-346d\"\n                           aria-expanded=\"true\" aria-controls=\"lqd-1579175585568-fabb85cc-3af9bbdb-346d\">\n\n\t\t\t\t\t\t\t\n\t\t\t\t\t\t\tServicios de blue team \/ red team\n\t\t\t\t\t\t\t                                <span class=\"accordion-expander\">\n\t\t\t\t\t\t\t\t\t\t\t\t\t\t\t\t\t\t\t<i class=\"lqd-icn-ess icon-ion-ios-arrow-down\"><\/i>\n\t\t\t\t\t\t\t\t\t\n\t\t\t\t\t\t\t\t\t\t\t\t\t\t\t\t\t\t\t<i class=\"lqd-icn-ess icon-ion-ios-arrow-up\"><\/i>\n\t\t\t\t\t\t\t\t\t\t\t\t\t\t\t\t\t<\/span>\n\t\t\t\t\t\t\t\n                        <\/a>\n\n                    <\/h4>\n                <\/div>\n\n                <div id=\"lqd-1579175585568-fabb85cc-3af9bbdb-346d\" class=\"accordion-collapse collapse show\"\n                    data-bs-parent=\"#vc_accordion_6a0521c48a48f\" role=\"tabpanel\" aria-labelledby=\"heading_lqd-1579175585568-fabb85cc-3af9bbdb-346d\">\n                    <div class=\"accordion-content\">\n\t\t\t\t\t\t<style>.ld_fancy_heading_6a0521c489ed7 p{color:rgb(15, 64, 100);}.ld_fancy_heading_6a0521c489ed7 p {font-size:18px; } .ld_fancy_heading_6a0521c489ed7 p {line-height:1.44em; } .ld_fancy_heading_6a0521c489ed7 p {--element-line-height:1.44em; } .ld_fancy_heading_6a0521c489ed7 p {margin-bottom:2.5em !important;  } .ld_fancy_heading_6a0521c489ed7 .lqd-highlight-inner{height:0.275em!important;bottom:0px!important;}.ld_fancy_heading_6a0521c489ed7 p {font-size:18px; } .ld_fancy_heading_6a0521c489ed7 p {line-height:1.44em; } .ld_fancy_heading_6a0521c489ed7 p {--element-line-height:1.44em; } .ld_fancy_heading_6a0521c489ed7 p {margin-bottom:2.5em !important;  } <\/style><div class=\"ld-fancy-heading ld_fancy_heading_6a0521c489ed7\">\n\t<p class=\"ld-fh-element lqd-highlight-underline lqd-highlight-grow-left text-decoration-default\"   >  <\/p>\n<ul>\n<li>Evaluaci\u00f3n de seguridad y riesgo: Aplicaci\u00f3n de evaluaciones de seguridad para identificar vulnerabilidades y riesgos en la infraestructura y sistemas de la organizaci\u00f3n<\/li>\n<li>Implementaci\u00f3n y configuraci\u00f3n: Asistencia en la implementaci\u00f3n y configuraci\u00f3n de soluciones de seguridad.<\/li>\n<li>Entrenamiento y concientizaci\u00f3n: Programas de formaci\u00f3n para empleados sobre buenas pr\u00e1cticas de seguridad, concientizaci\u00f3n de phishing y comportamientos seguros en l\u00ednea.<\/li>\n<li>Pruebas de penetraci\u00f3n defensivas : Ejecuci\u00f3n de pruebas de penetraci\u00f3n controladas para evaluar la resistencia de la infraestructura y los sistemas ante amenazas externas e internas.<\/li>\n<li>Pruebas de penetraci\u00f3n ofensivas: Evaluaci\u00f3n activa de la resistencia de los sistemas y redes mediante pruebas de penetraci\u00f3n que imitan t\u00e1cticas de adversarios reales.<\/li>\n<\/ul>\n<p><\/p><\/div>                    <\/div>\n                <\/div>\n            <\/div>\n\t\t\t            <div class=\"accordion-item panel  \">\n\n                <div class=\"accordion-heading\" role=\"tab\" id=\"heading_ld-1579175803325-17b3ad82-140abbdb-346d\" data-id=\"ld-1579175803325-17b3ad82-140abbdb-346d\">\n                    <h4 class=\"accordion-title\" data-controls=\"ld-1579175803325-17b3ad82-140abbdb-346d\" tabindex=\"-1\">\n                        <a tabindex=\"0\" class=\"collapsed\" data-toggle=\"collapse\"  data-bs-toggle=\"collapse\"\n                           data-parent=\"#vc_accordion_6a0521c48a48f\" data-bs-parent=\"#vc_accordion_6a0521c48a48f\" href=\"#ld-1579175803325-17b3ad82-140abbdb-346d\" data-bs-target=\"#ld-1579175803325-17b3ad82-140abbdb-346d\"\n                           aria-expanded=\"false\" aria-controls=\"ld-1579175803325-17b3ad82-140abbdb-346d\">\n\n\t\t\t\t\t\t\t\n\t\t\t\t\t\t\tImplementaci\u00f3n de soluci\u00f3n para la detecci\u00f3n y protecci\u00f3n de ataques a la red y correo electr\u00f3nico\n\t\t\t\t\t\t\t                                <span class=\"accordion-expander\">\n\t\t\t\t\t\t\t\t\t\t\t\t\t\t\t\t\t\t\t<i class=\"lqd-icn-ess icon-ion-ios-arrow-down\"><\/i>\n\t\t\t\t\t\t\t\t\t\n\t\t\t\t\t\t\t\t\t\t\t\t\t\t\t\t\t\t\t<i class=\"lqd-icn-ess icon-ion-ios-arrow-up\"><\/i>\n\t\t\t\t\t\t\t\t\t\t\t\t\t\t\t\t\t<\/span>\n\t\t\t\t\t\t\t\n                        <\/a>\n\n                    <\/h4>\n                <\/div>\n\n                <div id=\"ld-1579175803325-17b3ad82-140abbdb-346d\" class=\"accordion-collapse collapse\"\n                    data-bs-parent=\"#vc_accordion_6a0521c48a48f\" role=\"tabpanel\" aria-labelledby=\"heading_ld-1579175803325-17b3ad82-140abbdb-346d\">\n                    <div class=\"accordion-content\">\n\t\t\t\t\t\t<style>.ld_fancy_heading_6a0521c48a0c4 p{color:rgb(15, 64, 100);}.ld_fancy_heading_6a0521c48a0c4 p {font-size:18px; } .ld_fancy_heading_6a0521c48a0c4 p {line-height:1.44em; } .ld_fancy_heading_6a0521c48a0c4 p {--element-line-height:1.44em; } .ld_fancy_heading_6a0521c48a0c4 p {margin-bottom:2.5em !important;  } .ld_fancy_heading_6a0521c48a0c4 .lqd-highlight-inner{height:0.275em!important;bottom:0px!important;}.ld_fancy_heading_6a0521c48a0c4 p {font-size:18px; } .ld_fancy_heading_6a0521c48a0c4 p {line-height:1.44em; } .ld_fancy_heading_6a0521c48a0c4 p {--element-line-height:1.44em; } .ld_fancy_heading_6a0521c48a0c4 p {margin-bottom:2.5em !important;  } <\/style><div class=\"ld-fancy-heading ld_fancy_heading_6a0521c48a0c4\">\n\t<p class=\"ld-fh-element lqd-highlight-underline lqd-highlight-grow-left text-decoration-default\"   >  Instalaci\u00f3n, configuraci\u00f3n, as\u00ed como la puesta a punto de la soluci\u00f3n para detecci\u00f3n y pronta respuesta de ataques a su red y correo electr\u00f3nico.<\/p><\/div>                    <\/div>\n                <\/div>\n            <\/div>\n\t\t\t            <div class=\"accordion-item panel  \">\n\n                <div class=\"accordion-heading\" role=\"tab\" id=\"heading_lqd-1701293973325-7955b840-5837\" data-id=\"lqd-1701293973325-7955b840-5837\">\n                    <h4 class=\"accordion-title\" data-controls=\"lqd-1701293973325-7955b840-5837\" tabindex=\"-1\">\n                        <a tabindex=\"0\" class=\"collapsed\" data-toggle=\"collapse\"  data-bs-toggle=\"collapse\"\n                           data-parent=\"#vc_accordion_6a0521c48a48f\" data-bs-parent=\"#vc_accordion_6a0521c48a48f\" href=\"#lqd-1701293973325-7955b840-5837\" data-bs-target=\"#lqd-1701293973325-7955b840-5837\"\n                           aria-expanded=\"false\" aria-controls=\"lqd-1701293973325-7955b840-5837\">\n\n\t\t\t\t\t\t\t\n\t\t\t\t\t\t\tAsesor\u00eda para la incorporaci\u00f3n de un servicio de respuesta a incidentes\n\t\t\t\t\t\t\t                                <span class=\"accordion-expander\">\n\t\t\t\t\t\t\t\t\t\t\t\t\t\t\t\t\t\t\t<i class=\"lqd-icn-ess icon-ion-ios-arrow-down\"><\/i>\n\t\t\t\t\t\t\t\t\t\n\t\t\t\t\t\t\t\t\t\t\t\t\t\t\t\t\t\t\t<i class=\"lqd-icn-ess icon-ion-ios-arrow-up\"><\/i>\n\t\t\t\t\t\t\t\t\t\t\t\t\t\t\t\t\t<\/span>\n\t\t\t\t\t\t\t\n                        <\/a>\n\n                    <\/h4>\n                <\/div>\n\n                <div id=\"lqd-1701293973325-7955b840-5837\" class=\"accordion-collapse collapse\"\n                    data-bs-parent=\"#vc_accordion_6a0521c48a48f\" role=\"tabpanel\" aria-labelledby=\"heading_lqd-1701293973325-7955b840-5837\">\n                    <div class=\"accordion-content\">\n\t\t\t\t\t\t<style>.ld_fancy_heading_6a0521c48a25e p{color:rgb(15, 64, 100);}.ld_fancy_heading_6a0521c48a25e p {font-size:18px; } .ld_fancy_heading_6a0521c48a25e p {line-height:1.44em; } .ld_fancy_heading_6a0521c48a25e p {--element-line-height:1.44em; } .ld_fancy_heading_6a0521c48a25e p {margin-bottom:2.5em !important;  } .ld_fancy_heading_6a0521c48a25e .lqd-highlight-inner{height:0.275em!important;bottom:0px!important;}.ld_fancy_heading_6a0521c48a25e p {font-size:18px; } .ld_fancy_heading_6a0521c48a25e p {line-height:1.44em; } .ld_fancy_heading_6a0521c48a25e p {--element-line-height:1.44em; } .ld_fancy_heading_6a0521c48a25e p {margin-bottom:2.5em !important;  } <\/style><div class=\"ld-fancy-heading ld_fancy_heading_6a0521c48a25e\">\n\t<p class=\"ld-fh-element lqd-highlight-underline lqd-highlight-grow-left text-decoration-default\"   >  Servicio ofertado por CASD de una p\u00f3liza de servicios profesionales con la finalidad de identificar, contener, erradicar y recuperarse de un incidente de seguridad o ciberataque.<\/p>\n<p><\/p><\/div>                    <\/div>\n                <\/div>\n            <\/div>\n\t\t\t            <div class=\"accordion-item panel  \">\n\n                <div class=\"accordion-heading\" role=\"tab\" id=\"heading_lqd-1701806504236-d1b994c5-9eaa\" data-id=\"lqd-1701806504236-d1b994c5-9eaa\">\n                    <h4 class=\"accordion-title\" data-controls=\"lqd-1701806504236-d1b994c5-9eaa\" tabindex=\"-1\">\n                        <a tabindex=\"0\" class=\"collapsed\" data-toggle=\"collapse\"  data-bs-toggle=\"collapse\"\n                           data-parent=\"#vc_accordion_6a0521c48a48f\" data-bs-parent=\"#vc_accordion_6a0521c48a48f\" href=\"#lqd-1701806504236-d1b994c5-9eaa\" data-bs-target=\"#lqd-1701806504236-d1b994c5-9eaa\"\n                           aria-expanded=\"false\" aria-controls=\"lqd-1701806504236-d1b994c5-9eaa\">\n\n\t\t\t\t\t\t\t\n\t\t\t\t\t\t\tImplementaci\u00f3n de servicios para conexi\u00f3n segura y de alta velocidad para personas, aplicaciones y\/o redes\n\t\t\t\t\t\t\t                                <span class=\"accordion-expander\">\n\t\t\t\t\t\t\t\t\t\t\t\t\t\t\t\t\t\t\t<i class=\"lqd-icn-ess icon-ion-ios-arrow-down\"><\/i>\n\t\t\t\t\t\t\t\t\t\n\t\t\t\t\t\t\t\t\t\t\t\t\t\t\t\t\t\t\t<i class=\"lqd-icn-ess icon-ion-ios-arrow-up\"><\/i>\n\t\t\t\t\t\t\t\t\t\t\t\t\t\t\t\t\t<\/span>\n\t\t\t\t\t\t\t\n                        <\/a>\n\n                    <\/h4>\n                <\/div>\n\n                <div id=\"lqd-1701806504236-d1b994c5-9eaa\" class=\"accordion-collapse collapse\"\n                    data-bs-parent=\"#vc_accordion_6a0521c48a48f\" role=\"tabpanel\" aria-labelledby=\"heading_lqd-1701806504236-d1b994c5-9eaa\">\n                    <div class=\"accordion-content\">\n\t\t\t\t\t\t<style>.ld_fancy_heading_6a0521c48a3e9 p{color:rgb(15, 64, 100);}.ld_fancy_heading_6a0521c48a3e9 p {font-size:18px; } .ld_fancy_heading_6a0521c48a3e9 p {line-height:1.44em; } .ld_fancy_heading_6a0521c48a3e9 p {--element-line-height:1.44em; } .ld_fancy_heading_6a0521c48a3e9 p {margin-bottom:2.5em !important;  } .ld_fancy_heading_6a0521c48a3e9 .lqd-highlight-inner{height:0.275em!important;bottom:0px!important;}.ld_fancy_heading_6a0521c48a3e9 p {font-size:18px; } .ld_fancy_heading_6a0521c48a3e9 p {line-height:1.44em; } .ld_fancy_heading_6a0521c48a3e9 p {--element-line-height:1.44em; } .ld_fancy_heading_6a0521c48a3e9 p {margin-bottom:2.5em !important;  } <\/style><div class=\"ld-fancy-heading ld_fancy_heading_6a0521c48a3e9\">\n\t<p class=\"ld-fh-element lqd-highlight-underline lqd-highlight-grow-left text-decoration-default\"   >  Ayudamos a que su organizaci\u00f3n cuente con conexi\u00f3n de alta velocidad y desempe\u00f1o seguro, para la conectividad entre personas, aplicaciones, dispositivos y la nube; reduciendo la complejidad de las m\u00faltiples soluciones para establecer la conectividad.<\/p><\/div>                    <\/div>\n                <\/div>\n            <\/div>\n\t\t\t<\/div>[\/vc_column][\/vc_row][vc_row enable_content_animation=\u00bbyes\u00bb ca_init_scale_x=\u00bb0.85&#8243; ca_init_scale_y=\u00bb0.85&#8243; ca_init_opacity=\u00bb0&#8243; ca_an_scale_x=\u00bb1&#8243; ca_an_scale_y=\u00bb1&#8243; ca_an_opacity=\u00bb1&#8243; css=\u00bb.vc_custom_1614344011038{padding-top: 15px !important;}\u00bb ca_duration=\u00bb1800&#8243; ca_delay=\u00bb180&#8243; ca_init_translate_y=\u00bb65&#8243; ca_init_rotate_x=\u00bb-35&#8243; el_id=\u00bbdownload\u00bb][vc_column parallax=\u00bbyes\u00bb scale_from_x=\u00bb1.2&#8243; scale_from_y=\u00bb1.2&#8243; from_opacity=\u00bb1&#8243; scale_to_x=\u00bb1&#8243; scale_to_y=\u00bb1&#8243; to_opacity=\u00bb1&#8243; enable_column_shadowbox=\u00bbyes\u00bb bg_position=\u00bbcenter center\u00bb scale_from_z=\u00bb1&#8243; scale_to_z=\u00bb1&#8243; responsive_css=\u00bbpadding_right_medium:90px|padding_left_medium:90px\u00bb css=\u00bb.vc_custom_1614345414070{margin-bottom: -100px !important;padding-top: 55px !important;padding-right: 15px !important;padding-bottom: 55px !important;padding-left: 15px !important;background-color: #030343 !important;background-position: 0 0 !important;background-repeat: no-repeat !important;border-radius: 10px !important;}\u00bb column_box_shadow=\u00bb%5B%7B%22x_offset%22%3A%220%22%2C%22y_offset%22%3A%2215px%22%2C%22blur_radius%22%3A%2250px%22%2C%22shadow_color%22%3A%22rgba(0%2C%200%2C%200%2C%200.19)%22%7D%5D\u00bb translate_from_y=\u00bb100&#8243; parallax_duration=\u00bb-=650&#8243;][vc_row_inner content_placement=\u00bbmiddle\u00bb][vc_column_inner align=\u00bbtext-center\u00bb responsive_align=\u00bbtext-center text-md-left\u00bb]<style>.ld_fancy_heading_6a0521c48a920 h2{color:rgb(255, 255, 255);}.ld_fancy_heading_6a0521c48a920 h2 {font-size:20px; } @media (min-width: 1200px) { .ld_fancy_heading_6a0521c48a920 h2 {font-size:44px; }  } .ld_fancy_heading_6a0521c48a920 h2 {line-height:1em; } .ld_fancy_heading_6a0521c48a920 h2 {--element-line-height:1em; } .ld_fancy_heading_6a0521c48a920 h2 {font-weight:700; } @media (min-width: 992px) { .ld_fancy_heading_6a0521c48a920 h2 {margin-bottom:0px !important;  }  } .ld_fancy_heading_6a0521c48a920 .lqd-highlight-inner{height:0.275em!important;bottom:0px!important;}.ld_fancy_heading_6a0521c48a920 h2 {font-size:20px; } @media (min-width: 1200px) { .ld_fancy_heading_6a0521c48a920 h2 {font-size:44px; }  } .ld_fancy_heading_6a0521c48a920 h2 {line-height:1em; } .ld_fancy_heading_6a0521c48a920 h2 {--element-line-height:1em; } .ld_fancy_heading_6a0521c48a920 h2 {font-weight:700; } @media (min-width: 992px) { .ld_fancy_heading_6a0521c48a920 h2 {margin-bottom:0px !important;  }  } <\/style><div class=\"ld-fancy-heading text-center ld_fancy_heading_6a0521c48a920\">\n\t<h2 class=\"ld-fh-element lqd-highlight-underline lqd-highlight-grow-left text-decoration-default\"   >  Potenciemos la seguridad de su empresa, hagamos un presente y futuro certero y libre de riesgos.<\/h2><\/div><div class=\"wpforms-container wpforms-container-full\" id=\"wpforms-13635\"><form id=\"wpforms-form-13635\" class=\"wpforms-validate wpforms-form wpforms-ajax-form\" data-formid=\"13635\" method=\"post\" enctype=\"multipart\/form-data\" action=\"\/v3\/wp-json\/wp\/v2\/pages\/14165\"><noscript class=\"wpforms-error-noscript\">Por favor, activa JavaScript en tu navegador para completar este formulario.<\/noscript><div class=\"wpforms-field-container\"><div id=\"wpforms-13635-field_7-container\" class=\"wpforms-field wpforms-field-layout\" data-field-id=\"7\"><label class=\"wpforms-field-label wpforms-label-hide\" for=\"wpforms-13635-field_7\">Dise\u00f1o<\/label><div class=\"wpforms-field-layout-columns wpforms-field-layout-preset-50-50\"><div class=\"wpforms-layout-column wpforms-layout-column-50\"><div id=\"wpforms-13635-field_2-container\" class=\"wpforms-field wpforms-field-text\" data-field-id=\"2\"><label class=\"wpforms-field-label wpforms-label-hide\" for=\"wpforms-13635-field_2\">Nombre <span class=\"wpforms-required-label\">*<\/span><\/label><input type=\"text\" id=\"wpforms-13635-field_2\" class=\"wpforms-field-large wpforms-field-required\" name=\"wpforms[fields][2]\" value=\"Nombre\" required><\/div><div id=\"wpforms-13635-field_8-container\" class=\"wpforms-field wpforms-field-email\" data-field-id=\"8\"><label class=\"wpforms-field-label wpforms-label-hide\" for=\"wpforms-13635-field_8\">Correo electr\u00f3nico <span class=\"wpforms-required-label\">*<\/span><\/label><input type=\"email\" id=\"wpforms-13635-field_8\" class=\"wpforms-field-medium wpforms-field-required\" name=\"wpforms[fields][8]\" placeholder=\"Correo electr\u00f3nico\" spellcheck=\"false\" required><\/div><\/div><div class=\"wpforms-layout-column wpforms-layout-column-50\"><div id=\"wpforms-13635-field_4-container\" class=\"wpforms-field wpforms-field-phone\" data-field-id=\"4\"><label class=\"wpforms-field-label wpforms-label-hide\" for=\"wpforms-13635-field_4\">Tel\u00e9fono<\/label><input type=\"tel\" id=\"wpforms-13635-field_4\" class=\"wpforms-field-large wpforms-smart-phone-field\" data-rule-smart-phone-field=\"true\" name=\"wpforms[fields][4]\" placeholder=\"Tel\u00e9fono\" ><\/div><div id=\"wpforms-13635-field_6-container\" class=\"wpforms-field wpforms-field-text\" data-field-id=\"6\"><label class=\"wpforms-field-label wpforms-label-hide\" for=\"wpforms-13635-field_6\">Empresa<\/label><input type=\"text\" id=\"wpforms-13635-field_6\" class=\"wpforms-field-large\" name=\"wpforms[fields][6]\" value=\"Empresa\" ><\/div><\/div><\/div><\/div><\/div><!-- .wpforms-field-container --><div class=\"wpforms-submit-container\" ><input type=\"hidden\" name=\"wpforms[id]\" value=\"13635\"><input type=\"hidden\" name=\"wpforms[author]\" value=\"1\"><input type=\"hidden\" class=\"wpforms-token\" name=\"wpforms[token]\" value=\"ce7cb7c65afa45089477162bc747c1a4\" \/><button type=\"submit\" name=\"wpforms[submit]\" id=\"wpforms-submit-13635\" class=\"wpforms-submit\" data-alt-text=\"Enviando...\" data-submit-text=\"Comenzar\" aria-live=\"assertive\" value=\"wpforms-submit\">Comenzar<\/button><img loading=\"lazy\" decoding=\"async\" src=\"https:\/\/casd.com.mx\/v3\/wp-content\/plugins\/wpforms\/assets\/images\/submit-spin.svg\" class=\"wpforms-submit-spinner\" style=\"display: none;\" width=\"26\" height=\"26\" alt=\"Cargando\"><\/div><\/form><\/div>  <!-- .wpforms-container -->[\/vc_column_inner][\/vc_row_inner][\/vc_column][\/vc_row]<\/p>\n","protected":false},"excerpt":{"rendered":"<p>[vc_row equal_height=\u00bbyes\u00bb enable_row_dividers=\u00bbyes\u00bb responsive_css=\u00bbpadding_top_large:5%25|padding_bottom_large:5%25&#8243; css=\u00bb.vc_custom_1701296502064{padding-top: 2% !important;padding-bottom: 2% !important;background-image: url(https:\/\/casd.com.mx\/v3\/wp-content\/uploads\/2023\/10\/CASD-HEADER.webp?id=13599) !important;background-position: center !important;background-repeat: no-repeat !important;background-size: cover !important;}\u00bb row_svg_divider=\u00bbbottom_shape_type:8|bottom_shape_color:%23ffffff|bottom_shape_height:52&#8243;][vc_column][vc_row_inner equal_height=\u00bbyes\u00bb][vc_column_inner width=\u00bb1\/4&#8243;][\/vc_column_inner][vc_column_inner width=\u00bb1\/2&#8243; responsive_align=\u00bbtext-center text-sm-center text-md-center text-lg-center\u00bb][\/vc_column_inner][vc_column_inner width=\u00bb1\/4&#8243;][\/vc_column_inner][\/vc_row_inner][\/vc_column][\/vc_row][vc_row full_width=\u00bbstretch_row\u00bb equal_height=\u00bbyes\u00bb responsive_css=\u00bbpadding_top_large:5%25|padding_bottom_large:5%25&#8243; css=\u00bb.vc_custom_1701296100353{padding-top: 2% !important;padding-bottom: 2% !important;}\u00bb][vc_column width=\u00bb1\/2&#8243; css=\u00bb.vc_custom_1701879247410{background-image: url(https:\/\/casd.com.mx\/v3\/wp-content\/uploads\/2023\/12\/login-landing-page-concept-user-typing-login-and-2023-11-27-05-31-19-utc.webp?id=14276) !important;background-position: center !important;background-repeat: no-repeat !important;background-size: cover !important;}\u00bb][\/vc_column][vc_column width=\u00bb1\/2&#8243;][\/vc_column][\/vc_row][vc_row enable_content_animation=\u00bbyes\u00bb ca_init_scale_x=\u00bb0.85&#8243; ca_init_scale_y=\u00bb0.85&#8243; ca_init_opacity=\u00bb0&#8243; ca_an_scale_x=\u00bb1&#8243; ca_an_scale_y=\u00bb1&#8243; ca_an_opacity=\u00bb1&#8243; css=\u00bb.vc_custom_1614344011038{padding-top: 15px !important;}\u00bb [&hellip;]<\/p>\n","protected":false},"author":1,"featured_media":0,"parent":0,"menu_order":0,"comment_status":"closed","ping_status":"closed","template":"","meta":{"_seopress_robots_primary_cat":"","_seopress_titles_title":"Servicios para la protecci\u00f3n a la red y el e-mail","_seopress_titles_desc":"Conozca nuestros servicios para la protecci\u00f3n a la red y el e-mail.","_seopress_robots_index":"","footnotes":""},"class_list":["post-14165","page","type-page","status-publish","hentry"],"_links":{"self":[{"href":"https:\/\/casd.com.mx\/v3\/wp-json\/wp\/v2\/pages\/14165","targetHints":{"allow":["GET"]}}],"collection":[{"href":"https:\/\/casd.com.mx\/v3\/wp-json\/wp\/v2\/pages"}],"about":[{"href":"https:\/\/casd.com.mx\/v3\/wp-json\/wp\/v2\/types\/page"}],"author":[{"embeddable":true,"href":"https:\/\/casd.com.mx\/v3\/wp-json\/wp\/v2\/users\/1"}],"replies":[{"embeddable":true,"href":"https:\/\/casd.com.mx\/v3\/wp-json\/wp\/v2\/comments?post=14165"}],"version-history":[{"count":0,"href":"https:\/\/casd.com.mx\/v3\/wp-json\/wp\/v2\/pages\/14165\/revisions"}],"wp:attachment":[{"href":"https:\/\/casd.com.mx\/v3\/wp-json\/wp\/v2\/media?parent=14165"}],"curies":[{"name":"wp","href":"https:\/\/api.w.org\/{rel}","templated":true}]}}